{"id":85,"date":"2013-05-05T19:24:28","date_gmt":"2013-05-05T17:24:28","guid":{"rendered":"http:\/\/www.musikverein-donnerskirchen.at\/wptest\/?page_id=85"},"modified":"2026-02-03T22:23:57","modified_gmt":"2026-02-03T20:23:57","slug":"partnerschaft-mortschach","status":"publish","type":"page","link":"https:\/\/www.musikverein-donnerskirchen.at\/?page_id=85","title":{"rendered":"Partnerschaft M\u00f6rtschach"},"content":{"rendered":"\n<h1 class=\"wp-block-heading\">45 Jahre Partnerschaft &#8211; 45 Jahre Freundschaft<\/h1>\n\n\n\n<p>1. Bgld. TK Donnerskirchen &amp; TK M\u00f6rtschach 1979 &#8211; 2024 &#8211; eine Erfolgsstory<\/p>\n\n\n\n<p>Beim&nbsp;<strong>Landesmusikfest 1979<\/strong>&nbsp;im Burgenland hat alles angefangen, die Erfolgsstory nahm ihren Lauf:<\/p>\n\n\n\n<p>Unsere Kapelle hat die Kapelle M\u00f6rtschach als Gastkapelle so gut aufgenommen, dass eine Verbindung entstanden ist, die bereits 45 Jahre lang jeder Zerrei\u00dfprobe standgehalten hat. Es war kein Vertrag, keine Vereinbarung, sondern lediglich ein Handschlag unter Freunden, mit dem Ziel sich gegenseitig zu besuchen, bei Vereinsfesten teilzunehmen und Freundschaften auszuleben. Mit Freude und Genugtuung k\u00f6nnen wir heute mit Stolz sagen, es hat sich gelohnt, die Idee war gro\u00dfartig und die Entwicklung gar nicht vorhersehbar.<\/p>\n\n\n\n<p>In der Zwischenzeit gibt es neben den regelm\u00e4\u00dfigen Besuchen sogar eine Zusammenarbeit, wo neben der zwischenmenschlichen Beziehung auch noch die musikalische Weiterbildung von jungen Musikern und Musikerinnen ganz im Vordergrund steht \u2013 ein Jugendaustauschprogramm. Ein Austauschprogramm, wo abwechselnd ein mal in M\u00f6rtschach und dann wieder in Donnerskirchen die Jugendlichen gemeinsam eine Woche zusammen sind, wo sie bei den gleichaltrigen Freunden und Freundinnen untergebracht sind, wo sie intensiv proben und wo sie gemeinsam die Freizeit gestalten.<\/p>\n\n\n\n<p>Die Kapellmeister und Jugendreferenten der beiden Kapellen sind in der Woche die so genannten Lehrmeister, sie studieren mit den Jugendlichen die St\u00fccke ein, sodass jeweils am letzten Tag ein tolles Abschlusskonzert gespielt wird, wo nat\u00fcrlich die Eltern, Verwandten und G\u00f6nner dabei sind. In der Zwischenzeit sind zwischen vielen Familien innige Freundschaften entstanden, auch w\u00e4hrend des Jahres finden gegenseitige Besuche statt.<\/p>\n\n\n\n<p>Wir, vom Musikverein Donnerskirchen w\u00fcnschen uns nur eines, das diese Kontakte auch weitere 45 Jahre halten. Eines zum Schluss, wir freuen uns schon auf unser Jubil\u00e4umsfest in Donnerskirchen, wir werden die 45-j\u00e4hrige Partnerschaft geb\u00fchrend feiern \u2013 die Erfolgsstory muss weiter gehen!<\/p>\n\n\n\n<figure class=\"wp-block-image size-large\"><a href=\"http:\/\/www.musikverein-donnerskirchen.at\/wp-content\/uploads\/2024\/07\/yUMevJg-scaled.jpeg\"><img fetchpriority=\"high\" decoding=\"async\" width=\"1024\" height=\"576\" src=\"http:\/\/www.musikverein-donnerskirchen.at\/wp-content\/uploads\/2024\/07\/yUMevJg-1024x576.jpeg\" alt=\"\" class=\"wp-image-1311\" srcset=\"https:\/\/www.musikverein-donnerskirchen.at\/wp-content\/uploads\/2024\/07\/yUMevJg-1024x576.jpeg 1024w, https:\/\/www.musikverein-donnerskirchen.at\/wp-content\/uploads\/2024\/07\/yUMevJg-300x169.jpeg 300w, https:\/\/www.musikverein-donnerskirchen.at\/wp-content\/uploads\/2024\/07\/yUMevJg-768x432.jpeg 768w, https:\/\/www.musikverein-donnerskirchen.at\/wp-content\/uploads\/2024\/07\/yUMevJg-1536x864.jpeg 1536w, https:\/\/www.musikverein-donnerskirchen.at\/wp-content\/uploads\/2024\/07\/yUMevJg-2048x1152.jpeg 2048w, https:\/\/www.musikverein-donnerskirchen.at\/wp-content\/uploads\/2024\/07\/yUMevJg-624x351.jpeg 624w\" sizes=\"(max-width: 1024px) 100vw, 1024px\" \/><\/a><figcaption class=\"wp-element-caption\">55 Jahre 1. Bgld. Trachtenkapelle Donnerskirchen und 40 Jahre Partnerschaft &#8211; 2019<\/figcaption><\/figure>\n\n\n\n<div style=\"height:40px\" aria-hidden=\"true\" class=\"wp-block-spacer\"><\/div>\n\n\n\n<figure class=\"wp-block-image size-full\"><a href=\"http:\/\/www.musikverein-donnerskirchen.at\/wp-content\/uploads\/2024\/07\/DSC_0244.jpg\"><img decoding=\"async\" width=\"640\" height=\"428\" src=\"http:\/\/www.musikverein-donnerskirchen.at\/wp-content\/uploads\/2024\/07\/DSC_0244.jpg\" alt=\"\" class=\"wp-image-1313\" srcset=\"https:\/\/www.musikverein-donnerskirchen.at\/wp-content\/uploads\/2024\/07\/DSC_0244.jpg 640w, https:\/\/www.musikverein-donnerskirchen.at\/wp-content\/uploads\/2024\/07\/DSC_0244-300x201.jpg 300w, https:\/\/www.musikverein-donnerskirchen.at\/wp-content\/uploads\/2024\/07\/DSC_0244-624x417.jpg 624w\" sizes=\"(max-width: 640px) 100vw, 640px\" \/><\/a><figcaption class=\"wp-element-caption\">45 Jahre 1. Bgld. Trachtenkapelle Donnerskirchen und 30 Jahre Partnerschaft &#8211; 2009<\/figcaption><\/figure>\n\n\n\n<div style=\"height:40px\" aria-hidden=\"true\" class=\"wp-block-spacer\"><\/div>\n\n\n\n<figure class=\"wp-block-image size-full\"><a href=\"http:\/\/www.musikverein-donnerskirchen.at\/wp-content\/uploads\/2024\/07\/40-Jahre-MV.jpg\"><img decoding=\"async\" width=\"807\" height=\"609\" src=\"http:\/\/www.musikverein-donnerskirchen.at\/wp-content\/uploads\/2024\/07\/40-Jahre-MV.jpg\" alt=\"\" class=\"wp-image-1309\" srcset=\"https:\/\/www.musikverein-donnerskirchen.at\/wp-content\/uploads\/2024\/07\/40-Jahre-MV.jpg 807w, https:\/\/www.musikverein-donnerskirchen.at\/wp-content\/uploads\/2024\/07\/40-Jahre-MV-300x226.jpg 300w, https:\/\/www.musikverein-donnerskirchen.at\/wp-content\/uploads\/2024\/07\/40-Jahre-MV-768x580.jpg 768w, https:\/\/www.musikverein-donnerskirchen.at\/wp-content\/uploads\/2024\/07\/40-Jahre-MV-624x471.jpg 624w\" sizes=\"(max-width: 807px) 100vw, 807px\" \/><\/a><figcaption class=\"wp-element-caption\">Geschenk\u00fcbergabe beim 40-j\u00e4hrigen Vereinsjubil\u00e4um in Donnerskirchen anl\u00e4sslich der 25-j\u00e4hrigen Partnerschaft <br>mit der Trachtenkapelle M\u00f6rtschach &#8211; 2004<\/figcaption><\/figure>\n\n\n\n<p><\/p>\n","protected":false},"excerpt":{"rendered":"<p>45 Jahre Partnerschaft &#8211; 45 Jahre Freundschaft 1. Bgld. TK Donnerskirchen &amp; TK M\u00f6rtschach 1979 &#8211; 2024 &#8211; eine Erfolgsstory Beim&nbsp;Landesmusikfest 1979&nbsp;im Burgenland hat alles angefangen, die Erfolgsstory nahm ihren Lauf: Unsere Kapelle hat die Kapelle M\u00f6rtschach als Gastkapelle so gut aufgenommen, dass eine Verbindung entstanden ist, die bereits 45 Jahre lang jeder Zerrei\u00dfprobe standgehalten [&hellip;]<\/p>\n","protected":false},"author":1,"featured_media":0,"parent":248,"menu_order":0,"comment_status":"closed","ping_status":"closed","template":"","meta":{"footnotes":""},"class_list":["post-85","page","type-page","status-publish","hentry"],"_links":{"self":[{"href":"https:\/\/www.musikverein-donnerskirchen.at\/index.php?rest_route=\/wp\/v2\/pages\/85","targetHints":{"allow":["GET"]}}],"collection":[{"href":"https:\/\/www.musikverein-donnerskirchen.at\/index.php?rest_route=\/wp\/v2\/pages"}],"about":[{"href":"https:\/\/www.musikverein-donnerskirchen.at\/index.php?rest_route=\/wp\/v2\/types\/page"}],"author":[{"embeddable":true,"href":"https:\/\/www.musikverein-donnerskirchen.at\/index.php?rest_route=\/wp\/v2\/users\/1"}],"replies":[{"embeddable":true,"href":"https:\/\/www.musikverein-donnerskirchen.at\/index.php?rest_route=%2Fwp%2Fv2%2Fcomments&post=85"}],"version-history":[{"count":6,"href":"https:\/\/www.musikverein-donnerskirchen.at\/index.php?rest_route=\/wp\/v2\/pages\/85\/revisions"}],"predecessor-version":[{"id":1314,"href":"https:\/\/www.musikverein-donnerskirchen.at\/index.php?rest_route=\/wp\/v2\/pages\/85\/revisions\/1314"}],"up":[{"embeddable":true,"href":"https:\/\/www.musikverein-donnerskirchen.at\/index.php?rest_route=\/wp\/v2\/pages\/248"}],"wp:attachment":[{"href":"https:\/\/www.musikverein-donnerskirchen.at\/index.php?rest_route=%2Fwp%2Fv2%2Fmedia&parent=85"}],"curies":[{"name":"wp","href":"https:\/\/api.w.org\/{rel}","templated":true}]}}