{"id":81,"date":"2013-05-05T19:22:46","date_gmt":"2013-05-05T17:22:46","guid":{"rendered":"http:\/\/www.musikverein-donnerskirchen.at\/wptest\/?page_id=81"},"modified":"2026-02-09T17:23:59","modified_gmt":"2026-02-09T15:23:59","slug":"probelokal","status":"publish","type":"page","link":"https:\/\/www.musikverein-donnerskirchen.at\/?page_id=81","title":{"rendered":"Musikheim Donnerskirchen"},"content":{"rendered":"<p style=\"text-align: center;\"><strong><img fetchpriority=\"high\" decoding=\"async\" class=\"alignleft\" src=\"http:\/\/www.musikverein-donnerskirchen.at\/img\/probelokal.jpg\" alt=\"\" width=\"369\" height=\"276\" \/>Probelokal des Musikvereins<\/strong><br \/><strong>1. Bgld. Trachtenkapelle<\/strong><strong>\u00a0<\/strong><br \/><strong>Hauptstra\u00dfe 67a<\/strong><br \/><strong>7082 Donnerskirchen<\/strong><\/p>\n<p align=\"justify\">Das Probelokal der 1. Bgld. Trachtenkapelle Donnerskirchen, von den Musikerinnen und Musikern als \u201eMusiheim\u201c bezeichnet, \u00a0ist nicht nur Spielst\u00e4tte f\u00fcr die w\u00f6chentlichen Proben am Freitagabend, \u00a0sondern \u00a0vielmehr ein Treffpunkt der Generationen innerhalb des Musikvereins. \u00a0Dies ist der Ort an dem \u00a0das gemeinsame Musizieren genauso im Mittelpunkt steht, wie auch der Kontakt und Gedankenaustausch zwischen den Musikerinnen und Musikern.<\/p>\n<p align=\"justify\">Im Probelokal sind aber auch die vielen anderen Donnerskirchener \u00a0Vereine willkommen, die Feste wie Muttertagskr\u00e4nzchen oder Adventbazars abhalten. Genauso ist das Musikheim auch als Wahllokal f\u00fcr diverse politische Wahlen bei der Bev\u00f6lkerung bekannt.<\/p>\n<p align=\"justify\">Unser \u201eMusiheim\u201c wie wir es jetzt kennen wurde im Jahre 1971 unter\u00a0<em><strong>Kapellmeister Rudolf Schrumpf<\/strong><\/em>\u00a0und\u00a0<em><strong>Obmann Franz Reichardt<\/strong><\/em> fertiggestellt und eingeweiht. Unter dem Wirken von Kapellmeister Schrumpf wurde au\u00dferdem im Rahmen des Volksbildungswerkes eine Musikschule in Donnerskirchen eingerichtet.<\/p>\n<p align=\"justify\">In den Jahren 1996\/97 wurde das Probelokal den Musikerinnen und Musikern zu eng und deshalb wurde es kurzerhand durch einen Zubau erweitert. Unter\u00a0<em><strong>Obmann Ing. Johannes Gst\u00f6hl<\/strong><\/em>\u00a0wurde in den Jahren 2002\/03 weitere Sanierungsarbeiten mit tatkr\u00e4ftiger Unterst\u00fctzung der Musikerinnen und Musiker durchgef\u00fchrt.<\/p>\n<p align=\"justify\">Im Jahr 2008 wird die Gestalt des Proberaumes, rechtzeitig f\u00fcr die Aufnahme der neuen CD der 1. Bgld. Trachtenkapelle Donnerskirchen,\u00a0 ma\u00dfgeblich ver\u00e4ndert durch den Einbau diverser Schall absorbierender Elemente, die zur Verbesserung der Akustik beitragen sollen.<\/p>\n<p align=\"justify\">Im Sommer 2019 wird der Vorplatz vor dem Probelokal komplett saniert und renoviert.<\/p>\n\n\n<figure class=\"wp-block-image size-full\"><a href=\"http:\/\/www.musikverein-donnerskirchen.at\/wp-content\/uploads\/2024\/07\/Bau-Musikheim-1973-Kopie-1.jpg\"><img decoding=\"async\" width=\"672\" height=\"619\" src=\"http:\/\/www.musikverein-donnerskirchen.at\/wp-content\/uploads\/2024\/07\/Bau-Musikheim-1973-Kopie-1.jpg\" alt=\"\" class=\"wp-image-1190\" srcset=\"https:\/\/www.musikverein-donnerskirchen.at\/wp-content\/uploads\/2024\/07\/Bau-Musikheim-1973-Kopie-1.jpg 672w, https:\/\/www.musikverein-donnerskirchen.at\/wp-content\/uploads\/2024\/07\/Bau-Musikheim-1973-Kopie-1-300x276.jpg 300w, https:\/\/www.musikverein-donnerskirchen.at\/wp-content\/uploads\/2024\/07\/Bau-Musikheim-1973-Kopie-1-624x575.jpg 624w\" sizes=\"(max-width: 672px) 100vw, 672px\" \/><\/a><figcaption class=\"wp-element-caption\">Bau Musikheim 1971<\/figcaption><\/figure>\n\n\n\n<p><\/p>\n","protected":false},"excerpt":{"rendered":"<p>Probelokal des Musikvereins1. Bgld. Trachtenkapelle\u00a0Hauptstra\u00dfe 67a7082 Donnerskirchen Das Probelokal der 1. Bgld. Trachtenkapelle Donnerskirchen, von den Musikerinnen und Musikern als \u201eMusiheim\u201c bezeichnet, \u00a0ist nicht nur Spielst\u00e4tte f\u00fcr die w\u00f6chentlichen Proben am Freitagabend, \u00a0sondern \u00a0vielmehr ein Treffpunkt der Generationen innerhalb des Musikvereins. \u00a0Dies ist der Ort an dem \u00a0das gemeinsame Musizieren genauso im Mittelpunkt steht, wie [&hellip;]<\/p>\n","protected":false},"author":1,"featured_media":0,"parent":0,"menu_order":125,"comment_status":"closed","ping_status":"closed","template":"","meta":{"footnotes":""},"class_list":["post-81","page","type-page","status-publish","hentry"],"_links":{"self":[{"href":"https:\/\/www.musikverein-donnerskirchen.at\/index.php?rest_route=\/wp\/v2\/pages\/81","targetHints":{"allow":["GET"]}}],"collection":[{"href":"https:\/\/www.musikverein-donnerskirchen.at\/index.php?rest_route=\/wp\/v2\/pages"}],"about":[{"href":"https:\/\/www.musikverein-donnerskirchen.at\/index.php?rest_route=\/wp\/v2\/types\/page"}],"author":[{"embeddable":true,"href":"https:\/\/www.musikverein-donnerskirchen.at\/index.php?rest_route=\/wp\/v2\/users\/1"}],"replies":[{"embeddable":true,"href":"https:\/\/www.musikverein-donnerskirchen.at\/index.php?rest_route=%2Fwp%2Fv2%2Fcomments&post=81"}],"version-history":[{"count":13,"href":"https:\/\/www.musikverein-donnerskirchen.at\/index.php?rest_route=\/wp\/v2\/pages\/81\/revisions"}],"predecessor-version":[{"id":1477,"href":"https:\/\/www.musikverein-donnerskirchen.at\/index.php?rest_route=\/wp\/v2\/pages\/81\/revisions\/1477"}],"wp:attachment":[{"href":"https:\/\/www.musikverein-donnerskirchen.at\/index.php?rest_route=%2Fwp%2Fv2%2Fmedia&parent=81"}],"curies":[{"name":"wp","href":"https:\/\/api.w.org\/{rel}","templated":true}]}}