{"id":47,"date":"2013-05-05T18:22:06","date_gmt":"2013-05-05T16:22:06","guid":{"rendered":"http:\/\/www.musikverein-donnerskirchen.at\/wptest\/?page_id=47"},"modified":"2018-12-18T14:50:34","modified_gmt":"2018-12-18T12:50:34","slug":"kapellmeister","status":"publish","type":"page","link":"https:\/\/www.musikverein-donnerskirchen.at\/?page_id=47","title":{"rendered":"Kapellmeister"},"content":{"rendered":"<p><a href=\"http:\/\/www.musikverein-donnerskirchen.at\/wp-content\/uploads\/2013\/05\/IMG_5670.jpg\"><img fetchpriority=\"high\" decoding=\"async\" class=\"size-medium wp-image-428 alignleft\" src=\"http:\/\/www.musikverein-donnerskirchen.at\/wp-content\/uploads\/2013\/05\/IMG_5670-200x300.jpg\" alt=\"img_5670\" width=\"200\" height=\"300\" srcset=\"https:\/\/www.musikverein-donnerskirchen.at\/wp-content\/uploads\/2013\/05\/IMG_5670-200x300.jpg 200w, https:\/\/www.musikverein-donnerskirchen.at\/wp-content\/uploads\/2013\/05\/IMG_5670-768x1152.jpg 768w, https:\/\/www.musikverein-donnerskirchen.at\/wp-content\/uploads\/2013\/05\/IMG_5670-683x1024.jpg 683w, https:\/\/www.musikverein-donnerskirchen.at\/wp-content\/uploads\/2013\/05\/IMG_5670-624x936.jpg 624w, https:\/\/www.musikverein-donnerskirchen.at\/wp-content\/uploads\/2013\/05\/IMG_5670.jpg 1200w\" sizes=\"(max-width: 200px) 100vw, 200px\" \/><\/a><\/p>\n<p align=\"justify\"><em><strong>Thomas Schrammel<\/strong><\/em>\u00a0hei\u00dft unser Kapellmeister und seit 01. Oktober 2010 ist er f\u00fcr die musikalischen Belange im Musikverein Donnerskirchen verantwortlich.<\/p>\n<p align=\"justify\">Kpm. Thomas Schrammel hat seine Laufbahn schon mit 7 Jahren in der Musikschule in Andau eingeschlagen und dort die Klarinettenausbildung in den Folgejahren erfolgreich durchgemacht. 25 Jahre war er Klarinettist im Musikverein Andau und zuletzt \u00fcber 10 Jahre deren Stabf\u00fchrer mit Marschwertungsteilnahmen in den Wertungsstufen D und E.<\/p>\n<p align=\"justify\">2010 ging sein langersehnter Wunsch in Erf\u00fcllung, n\u00e4mlich die Kapellmeisterausbildung erfolgreich abzuschlie\u00dfen und eine Blasmusikkapelle zu dirigieren. Mit dem MV 1. Burgenl\u00e4ndische Trachtenkapelle Donnerskirchen will er den dort eingeschlagenen Weg weiterentwickeln und die Freude am Musizieren in den Vordergrund stellen \u00a0&#8211; so nach dem Motto &#8211;<\/p>\n<p align=\"center\">&#8222;Musik, die von Herzen kommt,<br \/>\nerreicht die Herzen der Menschen&#8220;<\/p>\n<p align=\"justify\">Ist es einmal nicht die Musik, dann kommt Thomas Schrammel seinem Hauptberuf nach und richtet jeder Dame und jedem Herrn die Frisur je nach Wunsch \u2013 er ist erfolgreicher Unternehmer mit einem eigenen Gesch\u00e4ft und Fris\u00f6r \u2013 Seminarleiter.<\/p>\n<p align=\"justify\">Im Jahr 2016 wurde Kapellmeister Thomas Schrammel\u00a0beim landesweiten Wettbewerb der Bezirksbl\u00e4tter Burgenland mit fast 50.000 Stimmen zum beliebtesten Kapellmeister des Burgenlandes gew\u00e4hlt.<\/p>\n<p align=\"justify\">\n","protected":false},"excerpt":{"rendered":"<p>Thomas Schrammel\u00a0hei\u00dft unser Kapellmeister und seit 01. Oktober 2010 ist er f\u00fcr die musikalischen Belange im Musikverein Donnerskirchen verantwortlich. Kpm. Thomas Schrammel hat seine Laufbahn schon mit 7 Jahren in der Musikschule in Andau eingeschlagen und dort die Klarinettenausbildung in den Folgejahren erfolgreich durchgemacht. 25 Jahre war er Klarinettist im Musikverein Andau und zuletzt \u00fcber [&hellip;]<\/p>\n","protected":false},"author":1,"featured_media":0,"parent":40,"menu_order":0,"comment_status":"open","ping_status":"open","template":"","meta":{"footnotes":""},"class_list":["post-47","page","type-page","status-publish","hentry"],"_links":{"self":[{"href":"https:\/\/www.musikverein-donnerskirchen.at\/index.php?rest_route=\/wp\/v2\/pages\/47","targetHints":{"allow":["GET"]}}],"collection":[{"href":"https:\/\/www.musikverein-donnerskirchen.at\/index.php?rest_route=\/wp\/v2\/pages"}],"about":[{"href":"https:\/\/www.musikverein-donnerskirchen.at\/index.php?rest_route=\/wp\/v2\/types\/page"}],"author":[{"embeddable":true,"href":"https:\/\/www.musikverein-donnerskirchen.at\/index.php?rest_route=\/wp\/v2\/users\/1"}],"replies":[{"embeddable":true,"href":"https:\/\/www.musikverein-donnerskirchen.at\/index.php?rest_route=%2Fwp%2Fv2%2Fcomments&post=47"}],"version-history":[{"count":9,"href":"https:\/\/www.musikverein-donnerskirchen.at\/index.php?rest_route=\/wp\/v2\/pages\/47\/revisions"}],"predecessor-version":[{"id":556,"href":"https:\/\/www.musikverein-donnerskirchen.at\/index.php?rest_route=\/wp\/v2\/pages\/47\/revisions\/556"}],"up":[{"embeddable":true,"href":"https:\/\/www.musikverein-donnerskirchen.at\/index.php?rest_route=\/wp\/v2\/pages\/40"}],"wp:attachment":[{"href":"https:\/\/www.musikverein-donnerskirchen.at\/index.php?rest_route=%2Fwp%2Fv2%2Fmedia&parent=47"}],"curies":[{"name":"wp","href":"https:\/\/api.w.org\/{rel}","templated":true}]}}