{"id":492,"date":"2017-06-05T14:59:05","date_gmt":"2017-06-05T12:59:05","guid":{"rendered":"http:\/\/www.musikverein-donnerskirchen.at\/?page_id=492"},"modified":"2017-06-05T15:00:39","modified_gmt":"2017-06-05T13:00:39","slug":"die-traditionelle-tracht","status":"publish","type":"page","link":"http:\/\/www.musikverein-donnerskirchen.at\/?page_id=492","title":{"rendered":"Die traditionelle Tracht"},"content":{"rendered":"<p style=\"text-align: justify;\">Auffallend an der Tracht der <em><strong>1. Bgld. Trachtenkapelle Donnerskirchen<\/strong><\/em> ist der Trachtenanzug der im Gegenzug zu anderen burgenl\u00e4ndischen Kapellen ohne Stiefel oder &#8222;Fiata&#8220; getragen wird. Der Trachtenanzug ist seit dem Jahr 1958 in Verwendung und seit der Einkleidung der Musikerinnen mit Dirndl (2014) ausschlie\u00dflich den m\u00e4nnlichen Musikern vorbehalten.<\/p>\n<p style=\"text-align: justify;\">Der Trachtenanzug besteht aus einer dunkelblauen Jacke mit 2 silbernen Kn\u00f6pfen, 2 eingelassenen Taschen, Stehkragen, Samtaufschlag mit silbernen Kn\u00f6pfen, einer Brusttasche, darunter ein ovales Wappen &#8222;Donnerskirchner Musikverein&#8220; mit der Bergkirche von Donnerskirchen und umzierenden Weinreben.<\/p>\n<p style=\"text-align: justify;\">Dazu getragen wird ein dunkelblaues Gilet mit 10 silbernen Kn\u00f6pfen und rotem Knopfband, 2 Seitentaschen und Wappen wie oben genannt.<\/p>\n<p style=\"text-align: justify;\">Erg\u00e4nzt wird das ganze mit einem wei\u00dfen, lang\u00e4rmligen Hemd rotem Trachtenbinder und einer langen, dunkelblauen Hose und schwarzen Schuhen.<\/p>\n<p style=\"text-align: justify;\">Die Damen tragen ein Blaues Dirndl mit roten Verzierungen und silbernen Kn\u00f6pfen. Dazu eine rote Sch\u00fcrze und in der k\u00e4lteren Jahreszeit einen roten Seidenschal.<\/p>\n<p style=\"text-align: justify;\">Dazu wird eine lang\u00e4rmelige, wei\u00dfe Dirndlbluse getragen und schwarzes Schuhwerk.<\/p>\n<p>Unsere Tracht:<\/p>\n<p><a href=\"http:\/\/www.musikverein-donnerskirchen.at\/wp-content\/uploads\/2017\/06\/IMG_5682.jpg\"><img fetchpriority=\"high\" decoding=\"async\" class=\"aligncenter size-medium wp-image-493\" src=\"http:\/\/www.musikverein-donnerskirchen.at\/wp-content\/uploads\/2017\/06\/IMG_5682-200x300.jpg\" alt=\"\" width=\"200\" height=\"300\" srcset=\"http:\/\/www.musikverein-donnerskirchen.at\/wp-content\/uploads\/2017\/06\/IMG_5682-200x300.jpg 200w, http:\/\/www.musikverein-donnerskirchen.at\/wp-content\/uploads\/2017\/06\/IMG_5682-768x1152.jpg 768w, http:\/\/www.musikverein-donnerskirchen.at\/wp-content\/uploads\/2017\/06\/IMG_5682-683x1024.jpg 683w, http:\/\/www.musikverein-donnerskirchen.at\/wp-content\/uploads\/2017\/06\/IMG_5682-624x936.jpg 624w, http:\/\/www.musikverein-donnerskirchen.at\/wp-content\/uploads\/2017\/06\/IMG_5682.jpg 1200w\" sizes=\"(max-width: 200px) 100vw, 200px\" \/><\/a><\/p>\n","protected":false},"excerpt":{"rendered":"<p>Auffallend an der Tracht der 1. Bgld. Trachtenkapelle Donnerskirchen ist der Trachtenanzug der im Gegenzug zu anderen burgenl\u00e4ndischen Kapellen ohne Stiefel oder &#8222;Fiata&#8220; getragen wird. Der Trachtenanzug ist seit dem Jahr 1958 in Verwendung und seit der Einkleidung der Musikerinnen mit Dirndl (2014) ausschlie\u00dflich den m\u00e4nnlichen Musikern vorbehalten. Der Trachtenanzug besteht aus einer dunkelblauen Jacke [&hellip;]<\/p>\n","protected":false},"author":2,"featured_media":0,"parent":248,"menu_order":3,"comment_status":"closed","ping_status":"closed","template":"","meta":{"footnotes":""},"class_list":["post-492","page","type-page","status-publish","hentry"],"_links":{"self":[{"href":"http:\/\/www.musikverein-donnerskirchen.at\/index.php?rest_route=\/wp\/v2\/pages\/492","targetHints":{"allow":["GET"]}}],"collection":[{"href":"http:\/\/www.musikverein-donnerskirchen.at\/index.php?rest_route=\/wp\/v2\/pages"}],"about":[{"href":"http:\/\/www.musikverein-donnerskirchen.at\/index.php?rest_route=\/wp\/v2\/types\/page"}],"author":[{"embeddable":true,"href":"http:\/\/www.musikverein-donnerskirchen.at\/index.php?rest_route=\/wp\/v2\/users\/2"}],"replies":[{"embeddable":true,"href":"http:\/\/www.musikverein-donnerskirchen.at\/index.php?rest_route=%2Fwp%2Fv2%2Fcomments&post=492"}],"version-history":[{"count":2,"href":"http:\/\/www.musikverein-donnerskirchen.at\/index.php?rest_route=\/wp\/v2\/pages\/492\/revisions"}],"predecessor-version":[{"id":495,"href":"http:\/\/www.musikverein-donnerskirchen.at\/index.php?rest_route=\/wp\/v2\/pages\/492\/revisions\/495"}],"up":[{"embeddable":true,"href":"http:\/\/www.musikverein-donnerskirchen.at\/index.php?rest_route=\/wp\/v2\/pages\/248"}],"wp:attachment":[{"href":"http:\/\/www.musikverein-donnerskirchen.at\/index.php?rest_route=%2Fwp%2Fv2%2Fmedia&parent=492"}],"curies":[{"name":"wp","href":"https:\/\/api.w.org\/{rel}","templated":true}]}}